{"id":229003,"date":"2022-08-01T14:58:49","date_gmt":"2022-08-01T12:58:49","guid":{"rendered":"https:\/\/maandlastenmanager.nl\/?page_id=229003"},"modified":"2025-12-22T23:24:42","modified_gmt":"2025-12-22T22:24:42","slug":"opzegpartner","status":"publish","type":"page","link":"https:\/\/maandlastenmanager.nl\/en\/opzegpartner\/","title":{"rendered":"StopMyContract"},"content":{"rendered":"<div class=\"et_pb_section_0 et_pb_section et_section_regular et_block_section\">\n<div class=\"et_pb_row_0 et_pb_row et_block_row\">\n<div class=\"et_pb_column_0 et_pb_column et_pb_column_1_2 et_block_column et_pb_css_mix_blend_mode_passthrough\">\n<div class=\"et_pb_text_0 et_pb_text et_pb_bg_layout_dark et_pb_module et_block_module preset--module--divi-text--default\"><div class=\"et_pb_text_inner\"><h1>StopMyContract<\/h1>\n<h3>Cancel in two minutes<\/h3>\n<p>&nbsp;<\/p>\n<\/div><\/div>\n\n<div class=\"et_pb_module et_pb_button_module_wrapper et_pb_button_0_wrapper preset--module--divi-button--default_wrapper\"><a class=\"et_pb_button_0 et_pb_button et_pb_bg_layout_light et_pb_module et_block_module preset--module--divi-button--default\" href=\"https:\/\/stopmycontract.com\/\" target=\"_blank\">Arrange here<\/a><\/div>\n<\/div>\n\n<div class=\"et_pb_column_1 et_pb_column et_pb_column_1_2 et-last-child et_block_column et_pb_column_empty et_pb_css_mix_blend_mode_passthrough\"><\/div>\n<\/div>\n<\/div>\n\n<div class=\"et_pb_section_1 et_pb_section et_section_regular et_block_section\"><\/div>\n\n<div class=\"et_pb_section_2 et_pb_section et_section_regular et_block_section\">\n<div class=\"et_pb_row_1 et_pb_row et_block_row btn-inline\">\n<div class=\"et_pb_column_2 et_pb_column et_pb_column_4_4 et-last-child et_block_column et_pb_css_mix_blend_mode_passthrough\">\n<div class=\"et_pb_text_1 et_pb_text et_pb_bg_layout_light et_pb_module et_block_module preset--module--divi-text--default\"><div class=\"et_pb_text_inner\"><h2 style=\"text-align: center;\">StopMyContract<\/h2>\n<p style=\"text-align: center;\">Cancel in 2 minutes. Cancel your subscriptions with one or more suppliers in one go.<\/p>\n<\/div><\/div>\n<\/div>\n<\/div>\n<\/div>\n\n<div class=\"et_pb_section_3 et_pb_section et_section_regular et_block_section\">\n<div class=\"et_pb_row_2 et_pb_row et_block_row btn-inline\">\n<div class=\"et_pb_column_3 et_pb_column et_pb_column_4_4 et-last-child et_block_column et_pb_css_mix_blend_mode_passthrough\">\n<div class=\"et_pb_text_2 et_pb_text et_pb_bg_layout_light et_pb_module et_block_module preset--module--divi-text--default\"><div class=\"et_pb_text_inner\"><h3 style=\"text-align: center;\">How does it work?<\/h3>\n<p style=\"text-align: center;\">Cancelling via <a href=\"https:\/\/stopmycontract.com\/\">StopmyContract.com<\/a> is very simple:<\/p>\n<\/div><\/div>\n<\/div>\n<\/div>\n\n<div class=\"et_pb_row_3 et_pb_row et_pb_row_4col et_block_row et_block_row_4col btn-inline\">\n<div class=\"et_pb_column_4 et_pb_column et_pb_column_1_4 et_block_column et_pb_css_mix_blend_mode_passthrough\">\n<div class=\"et_pb_text_3 et_pb_text et_pb_bg_layout_light et_pb_module et_block_module preset--module--divi-text--default\"><div class=\"et_pb_text_inner\"><h4>1. Find your company<\/h3>\n<p>Which agreement exactly do you want to cancel? Find the company with the search engine.<\/p>\n<\/div><\/div>\n<\/div>\n\n<div class=\"et_pb_column_5 et_pb_column et_pb_column_1_4 et_block_column et_pb_css_mix_blend_mode_passthrough\">\n<div class=\"et_pb_text_4 et_pb_text et_pb_bg_layout_light et_pb_module et_block_module preset--module--divi-text--default\"><div class=\"et_pb_text_inner\"><h4>2. Fill in your details<\/h3>\n<p>The supplier needs some information from you in order to terminate the agreement.<\/p>\n<\/div><\/div>\n<\/div>\n\n<div class=\"et_pb_column_6 et_pb_column et_pb_column_1_4 et_block_column et_pb_css_mix_blend_mode_passthrough\">\n<div class=\"et_pb_text_5 et_pb_text et_pb_bg_layout_light et_pb_module et_block_module preset--module--divi-text--default\"><div class=\"et_pb_text_inner\"><h4>3. Choose how you want to send the letter<\/h3>\n<p>Do you rely on regular mail or do you opt for more security with registered mail?<\/p>\n<\/div><\/div>\n<\/div>\n\n<div class=\"et_pb_column_7 et_pb_column et_pb_column_1_4 et-last-child et_block_column et_pb_css_mix_blend_mode_passthrough\">\n<div class=\"et_pb_text_6 et_pb_text et_pb_bg_layout_light et_pb_module et_block_module preset--module--divi-text--default\"><div class=\"et_pb_text_inner\"><h4>4. We will send your cancellation notice<\/h3>\n<p><span>We will take over from you and ensure that the letters reach the suppliers.<\/span><\/p>\n<\/div><\/div>\n<\/div>\n<\/div>\n<\/div>\n\n<div class=\"et_pb_section_4 et_pb_section et_section_regular et_block_section\">\n<div class=\"et_pb_row_4 et_pb_row et_block_row btn-inline\">\n<div class=\"et_pb_column_8 et_pb_column et_pb_column_1_2 et_block_column et_pb_css_mix_blend_mode_passthrough\">\n<div class=\"et_pb_text_7 et_pb_text et_pb_bg_layout_light et_pb_module et_block_module preset--module--divi-text--default\"><div class=\"et_pb_text_inner\"><h3>Why StopMyContract?<\/h3>\n<\/div><\/div>\n\n<div class=\"et_pb_text_8 et_pb_text et_pb_bg_layout_light et_pb_module et_block_module preset--module--divi-text--default\"><div class=\"et_pb_text_inner\"><h4>1. Cancel multiple suppliers at once<\/h4>\n<\/div><\/div>\n\n<div class=\"et_pb_text_9 et_pb_text et_pb_bg_layout_light et_pb_module et_block_module preset--module--divi-text--default\"><div class=\"et_pb_text_inner\"><h4>2. Choose convenience and let us take care of it\u00a0<\/h4>\n<\/div><\/div>\n\n<div class=\"et_pb_text_10 et_pb_text et_pb_bg_layout_light et_pb_module et_block_module preset--module--divi-text--default\"><div class=\"et_pb_text_inner\"><h4>3. Shipped within 24 hours<\/h3>\n<\/div><\/div>\n\n<div class=\"et_pb_module et_pb_button_module_wrapper et_pb_button_1_wrapper preset--module--divi-button--default_wrapper\"><a class=\"et_pb_button_1 et_pb_button et_pb_bg_layout_light et_pb_module et_block_module preset--module--divi-button--default\" href=\"https:\/\/stopmycontract.com\/\" target=\"_blank\">Arrange here<\/a><\/div>\n<\/div>\n\n<div class=\"et_pb_column_9 et_pb_column et_pb_column_1_2 et-last-child et_block_column et_pb_css_mix_blend_mode_passthrough\">\n<div class=\"et_pb_image_0 et_pb_image et_pb_module et_block_module preset--module--divi-image--default\"><span class=\"et_pb_image_wrap\"><img loading=\"lazy\" decoding=\"async\" src=\"https:\/\/maandlastenmanager.nl\/wp-content\/uploads\/2022\/01\/mlm-aanvraag-verzonden.jpeg\" width=\"1000\" height=\"667\" srcset=\"https:\/\/maandlastenmanager.nl\/wp-content\/uploads\/2022\/01\/mlm-aanvraag-verzonden.jpeg 1000w, https:\/\/maandlastenmanager.nl\/wp-content\/uploads\/2022\/01\/mlm-aanvraag-verzonden-980x654.jpeg 980w, https:\/\/maandlastenmanager.nl\/wp-content\/uploads\/2022\/01\/mlm-aanvraag-verzonden-480x320.jpeg 480w\" sizes=\"(min-width: 0px) and (max-width: 480px) 480px, (min-width: 481px) and (max-width: 980px) 980px, (min-width: 981px) 1000px, 100vw\" class=\"wp-image-224953\" title=\"Contract opzeggen\" alt=\"Aanvraag verzonden\" \/><\/span><\/div>\n<\/div>\n<\/div>\n<\/div>\n\n<div class=\"et_pb_section_5 et_pb_section et_section_regular et_block_section\" id=\"call\"><\/div>","protected":false},"excerpt":{"rendered":"","protected":false},"author":4,"featured_media":0,"parent":0,"menu_order":0,"comment_status":"closed","ping_status":"closed","template":"","meta":{"_seopress_robots_primary_cat":"","_seopress_titles_title":"","_seopress_titles_desc":"Opzeggen in 2 minuten. Zeg je abonnementen bij \u00e9\u00e9n of meerdere leveranciers in \u00e9\u00e9n keer op.","_seopress_robots_index":"","footnotes":""},"class_list":["post-229003","page","type-page","status-publish","hentry"],"dsm_author":{"name":"MartijnH","avatar_url":"https:\/\/secure.gravatar.com\/avatar\/54498a4c5100b236a6b144ce5498bc0149353301ff8765ecf2bb67a2b6bf9c61?s=96&d=mm&r=g","archive_link":"https:\/\/maandlastenmanager.nl\/en\/author\/martijnh\/","biodata":""},"dsm_categories":[],"dsm_attachment_categories":[],"dsm_featured_image":null,"_links":{"self":[{"href":"https:\/\/maandlastenmanager.nl\/en\/wp-json\/wp\/v2\/pages\/229003","targetHints":{"allow":["GET"]}}],"collection":[{"href":"https:\/\/maandlastenmanager.nl\/en\/wp-json\/wp\/v2\/pages"}],"about":[{"href":"https:\/\/maandlastenmanager.nl\/en\/wp-json\/wp\/v2\/types\/page"}],"author":[{"embeddable":true,"href":"https:\/\/maandlastenmanager.nl\/en\/wp-json\/wp\/v2\/users\/4"}],"replies":[{"embeddable":true,"href":"https:\/\/maandlastenmanager.nl\/en\/wp-json\/wp\/v2\/comments?post=229003"}],"version-history":[{"count":2,"href":"https:\/\/maandlastenmanager.nl\/en\/wp-json\/wp\/v2\/pages\/229003\/revisions"}],"predecessor-version":[{"id":242970,"href":"https:\/\/maandlastenmanager.nl\/en\/wp-json\/wp\/v2\/pages\/229003\/revisions\/242970"}],"wp:attachment":[{"href":"https:\/\/maandlastenmanager.nl\/en\/wp-json\/wp\/v2\/media?parent=229003"}],"curies":[{"name":"wp","href":"https:\/\/api.w.org\/{rel}","templated":true}]}}