{"id":242144,"date":"2024-12-09T10:54:29","date_gmt":"2024-12-09T09:54:29","guid":{"rendered":"https:\/\/maandlastenmanager.nl\/?page_id=242144"},"modified":"2025-12-22T21:59:51","modified_gmt":"2025-12-22T20:59:51","slug":"friesland","status":"publish","type":"page","link":"https:\/\/maandlastenmanager.nl\/en\/friesland\/","title":{"rendered":"Friesland"},"content":{"rendered":"<div class=\"et_pb_section_0 et_pb_section et_section_specialty et_pb_gutters3 et_block_section\"><div class=\"et_pb_row et_block_row\"><div class=\"et_pb_column_0 et_pb_column et_pb_column_single et_pb_column_1_2 et_block_column et_pb_css_mix_blend_mode_passthrough preset--module--divi-column--73121f80-a3ef-4484-8763-c3f18e3c56d2\"><div class=\"et_pb_heading_0 et_pb_heading et_pb_module et_flex_module preset--module--divi-heading--ddeb8c09-9078-4424-bc15-2efb6572e28e\"><div class=\"et_pb_heading_container\"><h1 class=\"et_pb_module_header\">Ontdek Nieuwbouwprojecten in Friesland<\/h1><\/div><\/div><div class=\"et_pb_text_0 et_pb_text et_pb_bg_layout_light et_pb_module et_flex_module preset--module--divi-text--0504de1e-f5ff-4281-ba60-cbbe4edf98bc\"><div class=\"et_pb_text_inner\"><p>Verken de nieuwste woonmogelijkheden in Heerenveen, Leeuwarden en Lemmer. Ontdek uw droomhuis in een van deze unieke nieuwbouwprojecten.<\/p>\n<\/div><\/div><\/div><div class=\"et_pb_column_1 et_pb_column et_pb_specialty_column et_pb_column_1_2 et-last-child et_block_column et_pb_column_empty et_pb_css_mix_blend_mode_passthrough\"><\/div><\/div><\/div><div class=\"et_pb_section_1 et_pb_section et_section_regular et_block_section\"><div class=\"et_pb_row_0 et_pb_row et_block_row preset--module--divi-row--048d8e79-b07f-439b-bd57-f41c14f0a56b\"><div class=\"et_pb_column_2 et_pb_column et_pb_column_1_2 et_block_column et_pb_css_mix_blend_mode_passthrough\"><div class=\"et_pb_image_0 et_pb_image et_pb_module et_flex_module preset--module--divi-image--8249bb47-7bda-4c77-8a37-2a958f7a9826\"><span class=\"et_pb_image_wrap\"><img decoding=\"async\" src=\"https:\/\/maandlastenmanager.nl\/wp-content\/uploads\/2024\/11\/0-1156ffe2-1f58-461c-971f-8da9341602da-800x800.jpg\" title=\"800x800\" \/><\/span><\/div><\/div><div class=\"et_pb_column_3 et_pb_column et_pb_column_1_2 et-last-child et_block_column et_pb_css_mix_blend_mode_passthrough\"><div class=\"et_pb_heading_1 et_pb_heading et_pb_module et_flex_module preset--module--divi-heading--c33f07d9-41e0-421a-8799-5799df695cce\"><div class=\"et_pb_heading_container\"><h2 class=\"et_pb_module_header\">About MaandlastenManager<\/h2><\/div><\/div><div class=\"et_pb_text_1 et_pb_text et_pb_bg_layout_light et_pb_module et_flex_module preset--module--divi-text--2c55a9c4-feed-423b-9edb-ae0b5b365cac\"><div class=\"et_pb_text_inner\"><p>MaandlastenManager biedt een complete oplossing voor het eenvoudig aansluiten van nutsvoorzieningen. Wij begeleiden consumenten in hun woonreis door alle benodigde diensten zoals gas, elektriciteit, stadswarmte, water, internet en televisie in \u00e9\u00e9n keer te regelen. Met ons platform hoeft u zich slechts \u00e9\u00e9n keer aan te melden, waarna wij ervoor zorgen dat alle leveranciers op de hoogte worden gebracht. Ons doel is om u volledige controle te geven over uw maandelijkse uitgaven, zodat u zich kunt concentreren op wat echt belangrijk is: genieten van uw nieuwe woning.<\/p>\n<\/div><\/div><div class=\"et_pb_module et_pb_button_module_wrapper et_pb_button_0_wrapper preset--module--divi-button--1bffc0fc-42a0-49d1-bd9a-ae3ade2d7206_wrapper\"><a class=\"et_pb_button_0 et_pb_button et_pb_bg_layout_light et_pb_module et_flex_module preset--module--divi-button--1bffc0fc-42a0-49d1-bd9a-ae3ade2d7206\" href=\"https:\/\/arx-dev.com\/maandlastenmanager?clientID=fe29f693-ae48-47f2-885d-393e64b6db01\">Ontdek Onze Diensten<\/a><\/div><\/div><\/div><\/div><div class=\"et_pb_section_2 et_pb_section et_section_regular et_block_section\"><div class=\"et_pb_row_1 et_pb_row et_block_row\"><div class=\"et_pb_column_4 et_pb_column et_pb_column_4_4 et-last-child et_block_column et_pb_css_mix_blend_mode_passthrough\"><div class=\"et_pb_heading_2 et_pb_heading et_pb_module et_flex_module preset--module--divi-heading--c33f07d9-41e0-421a-8799-5799df695cce\"><div class=\"et_pb_heading_container\"><h2 class=\"et_pb_module_header\">Nieuwbouwprojecten in Friesland<\/h2><\/div><\/div><\/div><\/div><div class=\"et_pb_row_2 et_pb_row et_block_row\"><div class=\"et_pb_column_5 et_pb_column et_pb_column_1_3 et_block_column et_pb_css_mix_blend_mode_passthrough\"><div class=\"et_pb_image_1 et_pb_image et_pb_module et_flex_module preset--module--divi-image--8249bb47-7bda-4c77-8a37-2a958f7a9826\"><span class=\"et_pb_image_wrap\"><img loading=\"lazy\" decoding=\"async\" src=\"https:\/\/maandlastenmanager.nl\/wp-content\/uploads\/2024\/12\/canabula-heerenveen.jpg\" title=\"canabula heerenveen\" width=\"1024\" height=\"1239\" srcset=\"https:\/\/maandlastenmanager.nl\/wp-content\/uploads\/2024\/12\/canabula-heerenveen.jpg 1024w, https:\/\/maandlastenmanager.nl\/wp-content\/uploads\/2024\/12\/canabula-heerenveen-980x1186.jpg 980w, https:\/\/maandlastenmanager.nl\/wp-content\/uploads\/2024\/12\/canabula-heerenveen-480x581.jpg 480w\" sizes=\"(min-width: 0px) and (max-width: 480px) 480px, (min-width: 481px) and (max-width: 980px) 980px, (min-width: 981px) 1024px, 100vw\" class=\"wp-image-242216\" \/><\/span><\/div><div class=\"et_pb_heading_3 et_pb_heading et_pb_module et_flex_module preset--module--divi-heading--a3805066-8711-43c7-9f62-5782da0e9f7a\"><div class=\"et_pb_heading_container\"><h5 class=\"et_pb_module_header\">Heerenveen - Cunabula<\/h5><\/div><\/div><div class=\"et_pb_heading_4 et_pb_heading et_pb_module et_flex_module preset--module--divi-heading--e8a6df2b-53a6-4b58-8bda-5426d033ba1a\"><div class=\"et_pb_heading_container\"><h6 class=\"et_pb_module_header\">Heerenveen en topsport gaan hand in hand<\/h6><\/div><\/div><div class=\"et_pb_text_2 et_pb_text et_pb_bg_layout_light et_pb_module et_flex_module preset--module--divi-text--2c55a9c4-feed-423b-9edb-ae0b5b365cac\"><div class=\"et_pb_text_inner\"><p>Cunabula combineert modern wonen met een focus op topsport en gezondheid. Dit unieke nieuwbouwproject in Heerenveen biedt hoogwaardige appartementen, geavanceerde sportfaciliteiten en inspirerende ontmoetingsruimtes.<\/p>\n<\/div><\/div><div class=\"et_pb_module et_pb_button_module_wrapper et_pb_button_1_wrapper preset--module--divi-button--1bffc0fc-42a0-49d1-bd9a-ae3ade2d7206_wrapper\"><a class=\"et_pb_button_1 et_pb_button et_pb_bg_layout_light et_pb_module et_flex_module preset--module--divi-button--1bffc0fc-42a0-49d1-bd9a-ae3ade2d7206\" href=\"\/en\/heerenveen\/\">Bekijk Cunabula<\/a><\/div><\/div><div class=\"et_pb_column_6 et_pb_column et_pb_column_1_3 et_block_column et_pb_css_mix_blend_mode_passthrough\"><div class=\"et_pb_image_2 et_pb_image et_pb_module et_flex_module preset--module--divi-image--8249bb47-7bda-4c77-8a37-2a958f7a9826\"><span class=\"et_pb_image_wrap\"><img loading=\"lazy\" decoding=\"async\" src=\"https:\/\/maandlastenmanager.nl\/wp-content\/uploads\/2024\/12\/It-Nije-Hiem-1.jpg\" title=\"It Nije Hiem\" width=\"550\" height=\"375\" srcset=\"https:\/\/maandlastenmanager.nl\/wp-content\/uploads\/2024\/12\/It-Nije-Hiem-1.jpg 550w, https:\/\/maandlastenmanager.nl\/wp-content\/uploads\/2024\/12\/It-Nije-Hiem-1-480x327.jpg 480w\" sizes=\"(min-width: 0px) and (max-width: 480px) 480px, (min-width: 481px) 550px, 100vw\" class=\"wp-image-242295\" \/><\/span><\/div><div class=\"et_pb_heading_5 et_pb_heading et_pb_module et_flex_module preset--module--divi-heading--a3805066-8711-43c7-9f62-5782da0e9f7a\"><div class=\"et_pb_heading_container\"><h5 class=\"et_pb_module_header\">Leeuwarden - It Nije Hiem<\/h5><\/div><\/div><div class=\"et_pb_heading_6 et_pb_heading et_pb_module et_flex_module preset--module--divi-heading--e8a6df2b-53a6-4b58-8bda-5426d033ba1a\"><div class=\"et_pb_heading_container\"><h6 class=\"et_pb_module_header\">Wonen in de Hoofdstad van Friesland<\/h6><\/div><\/div><div class=\"et_pb_text_3 et_pb_text et_pb_bg_layout_light et_pb_module et_flex_module preset--module--divi-text--2c55a9c4-feed-423b-9edb-ae0b5b365cac\"><div class=\"et_pb_text_inner\"><p>It Nije Hiem biedt moderne woningen in een groene en waterrijke omgeving, waar comfort en duurzaamheid samenkomen. Geniet van de rust, de ruimte en de natuur, terwijl je gebruikmaakt van gedeelde voorzieningen zoals een moestuin en deelauto\u2019s. Een unieke plek waar ontspanning en verbondenheid centraal staan. Ontdek jouw nieuwe thuis bij It Nije Hiem.<\/p>\n<\/div><\/div><div class=\"et_pb_module et_pb_button_module_wrapper et_pb_button_2_wrapper preset--module--divi-button--1bffc0fc-42a0-49d1-bd9a-ae3ade2d7206_wrapper\"><a class=\"et_pb_button_2 et_pb_button et_pb_bg_layout_light et_pb_module et_flex_module preset--module--divi-button--1bffc0fc-42a0-49d1-bd9a-ae3ade2d7206\" href=\"\/en\/leeuwarden\/\">Bekijk It Nije Hiem<\/a><\/div><\/div><div class=\"et_pb_column_7 et_pb_column et_pb_column_1_3 et-last-child et_block_column et_pb_css_mix_blend_mode_passthrough\"><div class=\"et_pb_image_3 et_pb_image et_pb_module et_flex_module preset--module--divi-image--8249bb47-7bda-4c77-8a37-2a958f7a9826\"><span class=\"et_pb_image_wrap\"><img loading=\"lazy\" decoding=\"async\" src=\"https:\/\/maandlastenmanager.nl\/wp-content\/uploads\/2024\/12\/lemsterkade.jpg\" title=\"lemsterkade\" width=\"1024\" height=\"766\" srcset=\"https:\/\/maandlastenmanager.nl\/wp-content\/uploads\/2024\/12\/lemsterkade.jpg 1024w, https:\/\/maandlastenmanager.nl\/wp-content\/uploads\/2024\/12\/lemsterkade-980x733.jpg 980w, https:\/\/maandlastenmanager.nl\/wp-content\/uploads\/2024\/12\/lemsterkade-480x359.jpg 480w\" sizes=\"(min-width: 0px) and (max-width: 480px) 480px, (min-width: 481px) and (max-width: 980px) 980px, (min-width: 981px) 1024px, 100vw\" class=\"wp-image-242224\" \/><\/span><\/div><div class=\"et_pb_heading_7 et_pb_heading et_pb_module et_flex_module preset--module--divi-heading--a3805066-8711-43c7-9f62-5782da0e9f7a\"><div class=\"et_pb_heading_container\"><h5 class=\"et_pb_module_header\">Lemmer - Lemsterkade<\/h5><\/div><\/div><div class=\"et_pb_heading_8 et_pb_heading et_pb_module et_flex_module preset--module--divi-heading--e8a6df2b-53a6-4b58-8bda-5426d033ba1a\"><div class=\"et_pb_heading_container\"><h6 class=\"et_pb_module_header\">Wonen aan het Water<\/h6><\/div><\/div><div class=\"et_pb_text_4 et_pb_text et_pb_bg_layout_light et_pb_module et_flex_module preset--module--divi-text--2c55a9c4-feed-423b-9edb-ae0b5b365cac\"><div class=\"et_pb_text_inner\"><p>Lemsterkade biedt unieke woonmogelijkheden aan het water, met stijlvolle appartementen en woningen die comfort en luxe combineren. Geniet van de rust, ruimte en het prachtige uitzicht, terwijl je profiteert van de nabijheid van voorzieningen. Een perfecte balans tussen ontspanning en een bruisend leven aan de kade. Ontdek jouw nieuwe thuis aan de Lemsterkade.<\/p>\n<\/div><\/div><div class=\"et_pb_module et_pb_button_module_wrapper et_pb_button_3_wrapper preset--module--divi-button--1bffc0fc-42a0-49d1-bd9a-ae3ade2d7206_wrapper\"><a class=\"et_pb_button_3 et_pb_button et_pb_bg_layout_light et_pb_module et_flex_module preset--module--divi-button--1bffc0fc-42a0-49d1-bd9a-ae3ade2d7206\" href=\"\/en\/lemmer\/\">Bekijk Lemsterkade<\/a><\/div><\/div><\/div><\/div><div class=\"et_pb_section_3 et_pb_section et_section_regular et_block_section\"><div class=\"et_pb_row_3 et_pb_row et_block_row preset--module--divi-row--5138c454-be54-4233-bd3b-f8e6a8747976\"><div class=\"et_pb_column_8 et_pb_column et_pb_column_4_4 et-last-child et_block_column et_pb_css_mix_blend_mode_passthrough preset--module--divi-column--73121f80-a3ef-4484-8763-c3f18e3c56d2\"><div class=\"et_pb_heading_9 et_pb_heading et_pb_module et_flex_module preset--module--divi-heading--f0c675ea-2574-4d0e-b725-30f8550a8550\"><div class=\"et_pb_heading_container\"><h4 class=\"et_pb_module_header\">Ontdek Onze Nutsvoorzieningen Editor<\/h4><\/div><\/div><div class=\"et_pb_heading_10 et_pb_heading et_pb_module et_flex_module preset--module--divi-heading--c33f07d9-41e0-421a-8799-5799df695cce\"><div class=\"et_pb_heading_container\"><h2 class=\"et_pb_module_header\">Beheer Uw Nutsvoorzieningen Effici\u00ebnt<\/h2><\/div><\/div><div class=\"et_pb_text_5 et_pb_text et_pb_bg_layout_light et_pb_module et_flex_module preset--module--divi-text--2c55a9c4-feed-423b-9edb-ae0b5b365cac\"><div class=\"et_pb_text_inner\"><p>Met de MaandlastenManager nutsvoorzieningen editor kunt u eenvoudig al uw voorzieningen regelen. Of het nu gaat om gas, elektriciteit, stadswarmte, water, internet, tv of telefonie, onze tool biedt u de mogelijkheid om alles in \u00e9\u00e9n keer te beheren. Meld u aan en laat ons de leveranciers op de hoogte brengen, zodat u zich kunt concentreren op wat echt belangrijk is.<\/p>\n<\/div><\/div><div class=\"et_pb_module et_pb_button_module_wrapper et_pb_button_4_wrapper preset--module--divi-button--1bffc0fc-42a0-49d1-bd9a-ae3ade2d7206_wrapper\"><a class=\"et_pb_button_4 et_pb_button et_pb_bg_layout_light et_pb_module et_flex_module preset--module--divi-button--1bffc0fc-42a0-49d1-bd9a-ae3ade2d7206\" href=\"https:\/\/arx-dev.com\/maandlastenmanager?clientID=fe29f693-ae48-47f2-885d-393e64b6db01\">Regel hier al jouw nutsvoorzieningen<\/a><\/div><\/div><\/div><\/div><div class=\"et_pb_section_4 et_pb_section et_section_regular et_block_section\"><div class=\"et_pb_row_4 et_pb_row et_pb_row_3-4_1-4 et_block_row et_block_row_3-4_1-4 preset--module--divi-row--5138c454-be54-4233-bd3b-f8e6a8747976\"><div class=\"et_pb_column_9 et_pb_column et_pb_column_3_4 et_block_column et_pb_css_mix_blend_mode_passthrough preset--module--divi-column--73121f80-a3ef-4484-8763-c3f18e3c56d2\"><div class=\"et_pb_heading_11 et_pb_heading et_pb_module et_flex_module preset--module--divi-heading--c33f07d9-41e0-421a-8799-5799df695cce\"><div class=\"et_pb_heading_container\"><h2 class=\"et_pb_module_header\">Wat Onze Klanten Zeggen<\/h2><\/div><\/div><\/div><div class=\"et_pb_column_10 et_pb_column et_pb_column_1_4 et-last-child et_block_column et_pb_column_empty et_pb_css_mix_blend_mode_passthrough preset--module--divi-column--73121f80-a3ef-4484-8763-c3f18e3c56d2\"><\/div><\/div><div class=\"et_pb_row_5 et_pb_row et_block_row preset--module--divi-row--5138c454-be54-4233-bd3b-f8e6a8747976\"><div class=\"et_pb_column_11 et_pb_column et_pb_column_1_3 et_block_column et_pb_css_mix_blend_mode_passthrough preset--module--divi-column--73121f80-a3ef-4484-8763-c3f18e3c56d2\"><div class=\"et_pb_icon_0 et_pb_icon et_pb_module et_flex_module ai_ignore_font_icon preset--module--divi-icon--c2c23269-d09e-4bca-9247-65cd5ecf15a9\"><span class=\"et_pb_icon_wrap\"><span class=\"et-pb-icon\">\uf10d<\/span><\/span><\/div><div class=\"et_pb_text_6 et_pb_text et_pb_bg_layout_light et_pb_module et_flex_module preset--module--divi-text--2c55a9c4-feed-423b-9edb-ae0b5b365cac\"><div class=\"et_pb_text_inner\"><p>\"Dankzij MaandlastenManager heb ik zonder gedoe al mijn nutsvoorzieningen kunnen regelen. Het was een enorme opluchting om alles in \u00e9\u00e9n keer te kunnen doen.\"<\/p>\n<\/div><\/div><div class=\"et_pb_blurb_0 et_pb_blurb et_pb_bg_layout_light et_pb_blurb_position_top et_pb_module et_flex_module preset--module--divi-blurb--203c76fc-aee0-4484-9be1-f0e2ebd81a8f\"><div class=\"et_pb_blurb_content et_flex_module\"><div class=\"et_pb_blurb_container\"><h4 class=\"et_pb_module_header\">Jan de Vries<\/h4><div class=\"et_pb_blurb_description\"><p>Tevreden Klant<\/p>\n<\/div><\/div><\/div><\/div><\/div><div class=\"et_pb_column_12 et_pb_column et_pb_column_1_3 et_block_column et_pb_css_mix_blend_mode_passthrough preset--module--divi-column--73121f80-a3ef-4484-8763-c3f18e3c56d2\"><div class=\"et_pb_icon_1 et_pb_icon et_pb_module et_flex_module ai_ignore_font_icon preset--module--divi-icon--c2c23269-d09e-4bca-9247-65cd5ecf15a9\"><span class=\"et_pb_icon_wrap\"><span class=\"et-pb-icon\">\uf10d<\/span><\/span><\/div><div class=\"et_pb_text_7 et_pb_text et_pb_bg_layout_light et_pb_module et_flex_module preset--module--divi-text--2c55a9c4-feed-423b-9edb-ae0b5b365cac\"><div class=\"et_pb_text_inner\"><p>\"De service van MaandlastenManager is geweldig! Ze hebben me geholpen om mijn maandelijkse uitgaven onder controle te krijgen. Ik raad het iedereen aan!\"<\/p>\n<\/div><\/div><div class=\"et_pb_blurb_1 et_pb_blurb et_pb_bg_layout_light et_pb_blurb_position_top et_pb_module et_flex_module preset--module--divi-blurb--203c76fc-aee0-4484-9be1-f0e2ebd81a8f\"><div class=\"et_pb_blurb_content et_flex_module\"><div class=\"et_pb_blurb_container\"><h4 class=\"et_pb_module_header\">Sanne Jansen<\/h4><div class=\"et_pb_blurb_description\"><p>Gelukkige Huiseigenaar<\/p>\n<\/div><\/div><\/div><\/div><\/div><div class=\"et_pb_column_13 et_pb_column et_pb_column_1_3 et-last-child et_block_column et_pb_css_mix_blend_mode_passthrough preset--module--divi-column--73121f80-a3ef-4484-8763-c3f18e3c56d2\"><div class=\"et_pb_icon_2 et_pb_icon et_pb_module et_flex_module ai_ignore_font_icon preset--module--divi-icon--c2c23269-d09e-4bca-9247-65cd5ecf15a9\"><span class=\"et_pb_icon_wrap\"><span class=\"et-pb-icon\">\uf10d<\/span><\/span><\/div><div class=\"et_pb_text_8 et_pb_text et_pb_bg_layout_light et_pb_module et_flex_module preset--module--divi-text--2c55a9c4-feed-423b-9edb-ae0b5b365cac\"><div class=\"et_pb_text_inner\"><p>\"Ik had geen idee hoe ik mijn nutsvoorzieningen moest regelen na mijn verhuizing. MaandlastenManager heeft alles voor mij geregeld, en ik ben zeer tevreden met hun service.\"<\/p>\n<\/div><\/div><div class=\"et_pb_blurb_2 et_pb_blurb et_pb_bg_layout_light et_pb_blurb_position_top et_pb_module et_flex_module preset--module--divi-blurb--203c76fc-aee0-4484-9be1-f0e2ebd81a8f\"><div class=\"et_pb_blurb_content et_flex_module\"><div class=\"et_pb_blurb_container\"><h4 class=\"et_pb_module_header\">Peter van Dijk<\/h4><div class=\"et_pb_blurb_description\"><p>Nieuwe Woningbezitter<\/p>\n<\/div><\/div><\/div><\/div><\/div><\/div><\/div><div class=\"et_pb_section_5 et_pb_section et_section_regular et_block_section\"><div class=\"et_pb_row_6 et_pb_row et_pb_equal_columns et_block_row preset--module--divi-row--333b8a65-5730-490d-b80e-51611171c668\"><div class=\"et_pb_column_14 et_pb_column et_pb_column_3_5 et_block_column et_pb_css_mix_blend_mode_passthrough preset--module--divi-column--73121f80-a3ef-4484-8763-c3f18e3c56d2\"><div class=\"et_pb_heading_12 et_pb_heading et_pb_module et_flex_module preset--module--divi-heading--c33f07d9-41e0-421a-8799-5799df695cce\"><div class=\"et_pb_heading_container\"><h2 class=\"et_pb_module_header\">Meld U Aan en Regel Uw Nutsvoorzieningen<\/h2><\/div><\/div><div class=\"et_pb_text_9 et_pb_text et_pb_bg_layout_light et_pb_module et_flex_module preset--module--divi-text--0504de1e-f5ff-4281-ba60-cbbe4edf98bc\"><div class=\"et_pb_text_inner\"><p>Wilt u ook grip krijgen op uw maandelijkse uitgaven? Meld u vandaag nog aan bij MaandlastenManager en ervaar het gemak van onze alles-in-\u00e9\u00e9n service. Laat ons uw nutsvoorzieningen regelen, zodat u zich kunt richten op het genieten van uw nieuwe woning.<\/p>\n<\/div><\/div><\/div><div class=\"et_pb_column_15 et_pb_column et_pb_column_2_5 et-last-child et_block_column et_pb_css_mix_blend_mode_passthrough preset--module--divi-column--73121f80-a3ef-4484-8763-c3f18e3c56d2\"><div class=\"et_pb_module et_pb_button_module_wrapper et_pb_button_5_wrapper preset--module--divi-button--ab15fb74-61a3-43aa-96b3-41e09aeef654_wrapper\"><a class=\"et_pb_button_5 et_pb_button et_pb_bg_layout_light et_pb_module et_flex_module preset--module--divi-button--ab15fb74-61a3-43aa-96b3-41e09aeef654\" href=\"https:\/\/arx-dev.com\/maandlastenmanager?clientID=fe29f693-ae48-47f2-885d-393e64b6db01\">Start Nu<\/a><\/div><\/div><\/div><\/div>","protected":false},"excerpt":{"rendered":"","protected":false},"author":4,"featured_media":0,"parent":0,"menu_order":0,"comment_status":"closed","ping_status":"closed","template":"","meta":{"_seopress_robots_primary_cat":"","_seopress_titles_title":"","_seopress_titles_desc":"","_seopress_robots_index":"","footnotes":""},"class_list":["post-242144","page","type-page","status-publish","hentry"],"dsm_author":{"name":"MartijnH","avatar_url":"https:\/\/secure.gravatar.com\/avatar\/54498a4c5100b236a6b144ce5498bc0149353301ff8765ecf2bb67a2b6bf9c61?s=96&d=mm&r=g","archive_link":"https:\/\/maandlastenmanager.nl\/en\/author\/martijnh\/","biodata":""},"dsm_categories":[],"dsm_attachment_categories":[],"dsm_featured_image":null,"_links":{"self":[{"href":"https:\/\/maandlastenmanager.nl\/en\/wp-json\/wp\/v2\/pages\/242144","targetHints":{"allow":["GET"]}}],"collection":[{"href":"https:\/\/maandlastenmanager.nl\/en\/wp-json\/wp\/v2\/pages"}],"about":[{"href":"https:\/\/maandlastenmanager.nl\/en\/wp-json\/wp\/v2\/types\/page"}],"author":[{"embeddable":true,"href":"https:\/\/maandlastenmanager.nl\/en\/wp-json\/wp\/v2\/users\/4"}],"replies":[{"embeddable":true,"href":"https:\/\/maandlastenmanager.nl\/en\/wp-json\/wp\/v2\/comments?post=242144"}],"version-history":[{"count":3,"href":"https:\/\/maandlastenmanager.nl\/en\/wp-json\/wp\/v2\/pages\/242144\/revisions"}],"predecessor-version":[{"id":242880,"href":"https:\/\/maandlastenmanager.nl\/en\/wp-json\/wp\/v2\/pages\/242144\/revisions\/242880"}],"wp:attachment":[{"href":"https:\/\/maandlastenmanager.nl\/en\/wp-json\/wp\/v2\/media?parent=242144"}],"curies":[{"name":"wp","href":"https:\/\/api.w.org\/{rel}","templated":true}]}}