{"id":242610,"date":"2025-05-21T19:35:47","date_gmt":"2025-05-21T17:35:47","guid":{"rendered":"https:\/\/maandlastenmanager.nl\/?page_id=242610"},"modified":"2025-12-22T22:00:36","modified_gmt":"2025-12-22T21:00:36","slug":"zuid-holland","status":"publish","type":"page","link":"https:\/\/maandlastenmanager.nl\/en\/zuid-holland\/","title":{"rendered":"Zuid-Holland"},"content":{"rendered":"<div class=\"et_pb_section_0 et_pb_section et_section_specialty et_pb_gutters3 et_block_section\"><div class=\"et_pb_row et_block_row\"><div class=\"et_pb_column_0 et_pb_column et_pb_column_single et_pb_column_1_2 et_block_column et_pb_css_mix_blend_mode_passthrough preset--module--divi-column--73121f80-a3ef-4484-8763-c3f18e3c56d2\"><div class=\"et_pb_heading_0 et_pb_heading et_pb_module et_flex_module preset--module--divi-heading--ddeb8c09-9078-4424-bc15-2efb6572e28e\"><div class=\"et_pb_heading_container\"><h1 class=\"et_pb_module_header\">Ontdek Nieuwbouwprojecten in Zuid-Holland<\/h1><\/div><\/div><div class=\"et_pb_text_0 et_pb_text et_pb_bg_layout_light et_pb_module et_flex_module preset--module--divi-text--0504de1e-f5ff-4281-ba60-cbbe4edf98bc\"><div class=\"et_pb_text_inner\"><p>Verken de nieuwste woonmogelijkheden in Hendrik-Ido-Ambacht, Rotterdam en Schiedam. Ontdek uw droomhuis in een van deze unieke nieuwbouwprojecten.<\/p>\n<\/div><\/div><\/div><div class=\"et_pb_column_1 et_pb_column et_pb_specialty_column et_pb_column_1_2 et-last-child et_block_column et_pb_column_empty et_pb_css_mix_blend_mode_passthrough\"><\/div><\/div><\/div><div class=\"et_pb_section_1 et_pb_section et_section_regular et_block_section\"><div class=\"et_pb_row_0 et_pb_row et_block_row preset--module--divi-row--048d8e79-b07f-439b-bd57-f41c14f0a56b\"><div class=\"et_pb_column_2 et_pb_column et_pb_column_1_2 et_block_column et_pb_css_mix_blend_mode_passthrough\"><div class=\"et_pb_image_0 et_pb_image et_pb_module et_flex_module preset--module--divi-image--8249bb47-7bda-4c77-8a37-2a958f7a9826\"><span class=\"et_pb_image_wrap\"><img decoding=\"async\" src=\"https:\/\/maandlastenmanager.nl\/wp-content\/uploads\/2024\/11\/0-1156ffe2-1f58-461c-971f-8da9341602da-800x800.jpg\" title=\"800x800\" \/><\/span><\/div><\/div><div class=\"et_pb_column_3 et_pb_column et_pb_column_1_2 et-last-child et_block_column et_pb_css_mix_blend_mode_passthrough\"><div class=\"et_pb_heading_1 et_pb_heading et_pb_module et_flex_module preset--module--divi-heading--c33f07d9-41e0-421a-8799-5799df695cce\"><div class=\"et_pb_heading_container\"><h2 class=\"et_pb_module_header\">Over MaandlastenManager<\/h2><\/div><\/div><div class=\"et_pb_text_1 et_pb_text et_pb_bg_layout_light et_pb_module et_flex_module preset--module--divi-text--2c55a9c4-feed-423b-9edb-ae0b5b365cac\"><div class=\"et_pb_text_inner\"><p>MaandlastenManager biedt een complete oplossing voor het eenvoudig aansluiten van nutsvoorzieningen. Wij begeleiden consumenten in hun woonreis door alle benodigde diensten zoals gas, elektriciteit, stadswarmte, water, internet en televisie in \u00e9\u00e9n keer te regelen. Met ons platform hoeft u zich slechts \u00e9\u00e9n keer aan te melden, waarna wij ervoor zorgen dat alle leveranciers op de hoogte worden gebracht. Ons doel is om u volledige controle te geven over uw maandelijkse uitgaven, zodat u zich kunt concentreren op wat echt belangrijk is: genieten van uw nieuwe woning.<\/p>\n<\/div><\/div><div class=\"et_pb_module et_pb_button_module_wrapper et_pb_button_0_wrapper preset--module--divi-button--1bffc0fc-42a0-49d1-bd9a-ae3ade2d7206_wrapper\"><a class=\"et_pb_button_0 et_pb_button et_pb_bg_layout_light et_pb_module et_flex_module preset--module--divi-button--1bffc0fc-42a0-49d1-bd9a-ae3ade2d7206\" href=\"https:\/\/arx-dev.com\/maandlastenmanager?clientID=fe29f693-ae48-47f2-885d-393e64b6db01\">Ontdek Onze Diensten<\/a><\/div><\/div><\/div><\/div><div class=\"et_pb_section_2 et_pb_section et_section_regular et_block_section\"><div class=\"et_pb_row_1 et_pb_row et_block_row\"><div class=\"et_pb_column_4 et_pb_column et_pb_column_4_4 et-last-child et_block_column et_pb_css_mix_blend_mode_passthrough\"><div class=\"et_pb_heading_2 et_pb_heading et_pb_module et_flex_module preset--module--divi-heading--c33f07d9-41e0-421a-8799-5799df695cce\"><div class=\"et_pb_heading_container\"><h2 class=\"et_pb_module_header\">Nieuwbouwprojecten in Zuid-Holland<\/h2><\/div><\/div><\/div><\/div><div class=\"et_pb_row_2 et_pb_row et_block_row\"><div class=\"et_pb_column_5 et_pb_column et_pb_column_1_3 et_block_column et_pb_css_mix_blend_mode_passthrough\"><div class=\"et_pb_image_1 et_pb_image et_pb_module et_flex_module preset--module--divi-image--8249bb47-7bda-4c77-8a37-2a958f7a9826\"><span class=\"et_pb_image_wrap\"><img loading=\"lazy\" decoding=\"async\" src=\"https:\/\/maandlastenmanager.nl\/wp-content\/uploads\/2025\/05\/De-Volgerlanden.jpg\" title=\"De Volgerlanden\" width=\"2048\" height=\"1536\" srcset=\"https:\/\/maandlastenmanager.nl\/wp-content\/uploads\/2025\/05\/De-Volgerlanden.jpg 2048w, https:\/\/maandlastenmanager.nl\/wp-content\/uploads\/2025\/05\/De-Volgerlanden-1280x960.jpg 1280w, https:\/\/maandlastenmanager.nl\/wp-content\/uploads\/2025\/05\/De-Volgerlanden-980x735.jpg 980w, https:\/\/maandlastenmanager.nl\/wp-content\/uploads\/2025\/05\/De-Volgerlanden-480x360.jpg 480w\" sizes=\"(min-width: 0px) and (max-width: 480px) 480px, (min-width: 481px) and (max-width: 980px) 980px, (min-width: 981px) and (max-width: 1280px) 1280px, (min-width: 1281px) 2048px, 100vw\" class=\"wp-image-242616\" \/><\/span><\/div><div class=\"et_pb_heading_3 et_pb_heading et_pb_module et_flex_module preset--module--divi-heading--a3805066-8711-43c7-9f62-5782da0e9f7a\"><div class=\"et_pb_heading_container\"><h5 class=\"et_pb_module_header\">Hendrik-Ido-Ambacht - De Volgerlanden<\/h5><\/div><\/div><div class=\"et_pb_heading_4 et_pb_heading et_pb_module et_flex_module preset--module--divi-heading--e8a6df2b-53a6-4b58-8bda-5426d033ba1a\"><div class=\"et_pb_heading_container\"><h6 class=\"et_pb_module_header\">Gezinsvriendelijk wonen in het groene hart van Hendrik-Ido-Ambacht<\/h6><\/div><\/div><div class=\"et_pb_text_2 et_pb_text et_pb_bg_layout_light et_pb_module et_flex_module preset--module--divi-text--2c55a9c4-feed-423b-9edb-ae0b5b365cac\"><div class=\"et_pb_text_inner\"><p data-start=\"0\" data-end=\"362\" class=\"\"><span class=\"relative -mx-px my-[-0.2rem] rounded px-px py-[0.2rem] transition-colors duration-100 ease-in-out\">De Volgerlanden is een groene en gevarieerde woonwijk in Hendrik-Ido-Ambacht, waar al veel gebouwd is en waar ook de komende jaren nog volop mogelijkheden zijn voor nieuwe woonwensen.<\/span> <span class=\"relative -mx-px my-[-0.2rem] rounded px-px py-[0.2rem] transition-colors duration-100 ease-in-out\">De wijk biedt een mix van eengezinswoningen, twee-onder-een-kapwoningen, appartementen en vrije kavels.<\/span> <span class=\"relative -mx-px my-[-0.2rem] rounded px-px py-[0.2rem] transition-colors duration-100 ease-in-out\">Met voorzieningen zoals scholen, een winkelcentrum en een gezondheidscentrum binnen handbereik, is De Volgerlanden een aantrekkelijke plek voor gezinnen en starters.<\/span><\/p>\n<p data-start=\"320\" data-end=\"398\" data-is-last-node=\"\" data-is-only-node=\"\">\n<\/div><\/div><div class=\"et_pb_module et_pb_button_module_wrapper et_pb_button_1_wrapper preset--module--divi-button--1bffc0fc-42a0-49d1-bd9a-ae3ade2d7206_wrapper\"><a class=\"et_pb_button_1 et_pb_button et_pb_bg_layout_light et_pb_module et_flex_module preset--module--divi-button--1bffc0fc-42a0-49d1-bd9a-ae3ade2d7206\" href=\"\/hendrik-ido-ambacht\">Bekijk De Volgerlanden<\/a><\/div><\/div><div class=\"et_pb_column_6 et_pb_column et_pb_column_1_3 et_block_column et_pb_css_mix_blend_mode_passthrough\"><div class=\"et_pb_image_2 et_pb_image et_pb_module et_flex_module preset--module--divi-image--8249bb47-7bda-4c77-8a37-2a958f7a9826\"><span class=\"et_pb_image_wrap\"><img loading=\"lazy\" decoding=\"async\" src=\"https:\/\/maandlastenmanager.nl\/wp-content\/uploads\/2025\/05\/Tree-House.jpg\" title=\"Tree House\" width=\"1303\" height=\"790\" srcset=\"https:\/\/maandlastenmanager.nl\/wp-content\/uploads\/2025\/05\/Tree-House.jpg 1303w, https:\/\/maandlastenmanager.nl\/wp-content\/uploads\/2025\/05\/Tree-House-1280x776.jpg 1280w, https:\/\/maandlastenmanager.nl\/wp-content\/uploads\/2025\/05\/Tree-House-980x594.jpg 980w, https:\/\/maandlastenmanager.nl\/wp-content\/uploads\/2025\/05\/Tree-House-480x291.jpg 480w\" sizes=\"(min-width: 0px) and (max-width: 480px) 480px, (min-width: 481px) and (max-width: 980px) 980px, (min-width: 981px) and (max-width: 1280px) 1280px, (min-width: 1281px) 1303px, 100vw\" class=\"wp-image-242617\" \/><\/span><\/div><div class=\"et_pb_heading_5 et_pb_heading et_pb_module et_flex_module preset--module--divi-heading--a3805066-8711-43c7-9f62-5782da0e9f7a\"><div class=\"et_pb_heading_container\"><h5 class=\"et_pb_module_header\">Rotterdam - Tree House<\/h5><\/div><\/div><div class=\"et_pb_heading_6 et_pb_heading et_pb_module et_flex_module preset--module--divi-heading--e8a6df2b-53a6-4b58-8bda-5426d033ba1a\"><div class=\"et_pb_heading_container\"><h6 class=\"et_pb_module_header\">Stedelijk leven op hoogte in hartje Rotterdam<\/h6><\/div><\/div><div class=\"et_pb_text_3 et_pb_text et_pb_bg_layout_light et_pb_module et_flex_module preset--module--divi-text--2c55a9c4-feed-423b-9edb-ae0b5b365cac\"><div class=\"et_pb_text_inner\"><p data-start=\"0\" data-end=\"201\" class=\"\"><span class=\"relative -mx-px my-[-0.2rem] rounded px-px py-[0.2rem] transition-colors duration-100 ease-in-out\">Tree House is een mixed-use gebouw in het hart van Rotterdam, direct naast het Centraal Station.<\/span> <span class=\"relative -mx-px my-[-0.2rem] rounded px-px py-[0.2rem] transition-colors duration-100 ease-in-out\">De 130 meter hoge toren met 37 verdiepingen biedt 299 hoogwaardige twee-, drie- of vier-kamerappartementen, waarvan 127 koop en 172 huur.<\/span> <span class=\"relative -mx-px my-[-0.2rem] rounded px-px py-[0.2rem] transition-colors duration-100 ease-in-out\">Tree House combineert wonen, werken en verblijven in een bruisende stedelijke omgeving, met voorzieningen en openbaar vervoer binnen handbereik.<\/span><\/p>\n<div class=\"absolute h-[60px]\">\n<div class=\"flex flex-row-reverse\">\n<div class=\"border-token-main-surface-primary bg-token-main-surface-primary flex items-center overflow-hidden rounded-full -ms-1 first:me-0 border-2 group-hover\/footnote:border-token-main-surface-secondary relative\"><\/div>\n<\/div>\n<\/div>\n<\/div><\/div><div class=\"et_pb_module et_pb_button_module_wrapper et_pb_button_2_wrapper preset--module--divi-button--1bffc0fc-42a0-49d1-bd9a-ae3ade2d7206_wrapper\"><a class=\"et_pb_button_2 et_pb_button et_pb_bg_layout_light et_pb_module et_flex_module preset--module--divi-button--1bffc0fc-42a0-49d1-bd9a-ae3ade2d7206\" href=\"\/rotterdam\">Bekijk Tree House<\/a><\/div><\/div><div class=\"et_pb_column_7 et_pb_column et_pb_column_1_3 et-last-child et_block_column et_pb_css_mix_blend_mode_passthrough\"><div class=\"et_pb_image_3 et_pb_image et_pb_module et_flex_module preset--module--divi-image--8249bb47-7bda-4c77-8a37-2a958f7a9826\"><span class=\"et_pb_image_wrap\"><img loading=\"lazy\" decoding=\"async\" src=\"https:\/\/maandlastenmanager.nl\/wp-content\/uploads\/2025\/05\/sMAAK.jpg\" title=\"s&#039;MAAK\" width=\"275\" height=\"183\" srcset=\"https:\/\/maandlastenmanager.nl\/wp-content\/uploads\/2025\/05\/sMAAK.jpg 275w, https:\/\/maandlastenmanager.nl\/wp-content\/uploads\/2025\/05\/sMAAK-18x12.jpg 18w\" sizes=\"(max-width: 275px) 100vw, 275px\" class=\"wp-image-242618\" \/><\/span><\/div><div class=\"et_pb_heading_7 et_pb_heading et_pb_module et_flex_module preset--module--divi-heading--a3805066-8711-43c7-9f62-5782da0e9f7a\"><div class=\"et_pb_heading_container\"><h5 class=\"et_pb_module_header\">Schiedam - s'MAAK<\/h5><\/div><\/div><div class=\"et_pb_heading_8 et_pb_heading et_pb_module et_flex_module preset--module--divi-heading--e8a6df2b-53a6-4b58-8bda-5426d033ba1a\"><div class=\"et_pb_heading_container\"><h6 class=\"et_pb_module_header\">Eigentijds wonen met karakter in historisch Schiedam<\/h6><\/div><\/div><div class=\"et_pb_text_4 et_pb_text et_pb_bg_layout_light et_pb_module et_flex_module preset--module--divi-text--2c55a9c4-feed-423b-9edb-ae0b5b365cac\"><div class=\"et_pb_text_inner\"><p><span class=\"relative -mx-px my-[-0.2rem] rounded px-px py-[0.2rem] transition-colors duration-100 ease-in-out\">s'MAAK is een urban woonproject in Schiedam, bestaande uit circa 79 appartementen.<\/span> <span class=\"relative -mx-px my-[-0.2rem] rounded px-px py-[0.2rem] transition-colors duration-100 ease-in-out\">Het project combineert modern design met de historische charme van de stad.<\/span> <span class=\"relative -mx-px my-[-0.2rem] rounded px-px py-[0.2rem] transition-colors duration-100 ease-in-out\">Gelegen nabij het centrum, biedt s'MAAK comfortabele en duurzame woningen met diverse voorzieningen in de buurt.<\/span><\/p>\n<\/div><\/div><div class=\"et_pb_module et_pb_button_module_wrapper et_pb_button_3_wrapper preset--module--divi-button--1bffc0fc-42a0-49d1-bd9a-ae3ade2d7206_wrapper\"><a class=\"et_pb_button_3 et_pb_button et_pb_bg_layout_light et_pb_module et_flex_module preset--module--divi-button--1bffc0fc-42a0-49d1-bd9a-ae3ade2d7206\" href=\"\/schiedam\">Bekijk s&#039;MAAK<\/a><\/div><\/div><\/div><\/div><div class=\"et_pb_section_3 et_pb_section et_section_regular et_block_section\"><div class=\"et_pb_row_3 et_pb_row et_block_row preset--module--divi-row--5138c454-be54-4233-bd3b-f8e6a8747976\"><div class=\"et_pb_column_8 et_pb_column et_pb_column_4_4 et-last-child et_block_column et_pb_css_mix_blend_mode_passthrough preset--module--divi-column--73121f80-a3ef-4484-8763-c3f18e3c56d2\"><div class=\"et_pb_heading_9 et_pb_heading et_pb_module et_flex_module preset--module--divi-heading--f0c675ea-2574-4d0e-b725-30f8550a8550\"><div class=\"et_pb_heading_container\"><h4 class=\"et_pb_module_header\">Ontdek Onze Nutsvoorzieningen Editor<\/h4><\/div><\/div><div class=\"et_pb_heading_10 et_pb_heading et_pb_module et_flex_module preset--module--divi-heading--c33f07d9-41e0-421a-8799-5799df695cce\"><div class=\"et_pb_heading_container\"><h2 class=\"et_pb_module_header\">Beheer Uw Nutsvoorzieningen Effici\u00ebnt<\/h2><\/div><\/div><div class=\"et_pb_text_5 et_pb_text et_pb_bg_layout_light et_pb_module et_flex_module preset--module--divi-text--2c55a9c4-feed-423b-9edb-ae0b5b365cac\"><div class=\"et_pb_text_inner\"><p>Met de MaandlastenManager nutsvoorzieningen editor kunt u eenvoudig al uw voorzieningen regelen. Of het nu gaat om gas, elektriciteit, stadswarmte, water, internet, tv of telefonie, onze tool biedt u de mogelijkheid om alles in \u00e9\u00e9n keer te beheren. Meld u aan en laat ons de leveranciers op de hoogte brengen, zodat u zich kunt concentreren op wat echt belangrijk is.<\/p>\n<\/div><\/div><div class=\"et_pb_module et_pb_button_module_wrapper et_pb_button_4_wrapper preset--module--divi-button--1bffc0fc-42a0-49d1-bd9a-ae3ade2d7206_wrapper\"><a class=\"et_pb_button_4 et_pb_button et_pb_bg_layout_light et_pb_module et_flex_module preset--module--divi-button--1bffc0fc-42a0-49d1-bd9a-ae3ade2d7206\" href=\"https:\/\/arx-dev.com\/maandlastenmanager?clientID=fe29f693-ae48-47f2-885d-393e64b6db01\">Regel hier al jouw nutsvoorzieningen<\/a><\/div><\/div><\/div><\/div><div class=\"et_pb_section_4 et_pb_section et_section_regular et_block_section\"><div class=\"et_pb_row_4 et_pb_row et_pb_row_3-4_1-4 et_block_row et_block_row_3-4_1-4 preset--module--divi-row--5138c454-be54-4233-bd3b-f8e6a8747976\"><div class=\"et_pb_column_9 et_pb_column et_pb_column_3_4 et_block_column et_pb_css_mix_blend_mode_passthrough preset--module--divi-column--73121f80-a3ef-4484-8763-c3f18e3c56d2\"><div class=\"et_pb_heading_11 et_pb_heading et_pb_module et_flex_module preset--module--divi-heading--c33f07d9-41e0-421a-8799-5799df695cce\"><div class=\"et_pb_heading_container\"><h2 class=\"et_pb_module_header\">Wat Onze Klanten Zeggen<\/h2><\/div><\/div><\/div><div class=\"et_pb_column_10 et_pb_column et_pb_column_1_4 et-last-child et_block_column et_pb_column_empty et_pb_css_mix_blend_mode_passthrough preset--module--divi-column--73121f80-a3ef-4484-8763-c3f18e3c56d2\"><\/div><\/div><div class=\"et_pb_row_5 et_pb_row et_block_row preset--module--divi-row--5138c454-be54-4233-bd3b-f8e6a8747976\"><div class=\"et_pb_column_11 et_pb_column et_pb_column_1_3 et_block_column et_pb_css_mix_blend_mode_passthrough preset--module--divi-column--73121f80-a3ef-4484-8763-c3f18e3c56d2\"><div class=\"et_pb_icon_0 et_pb_icon et_pb_module et_flex_module ai_ignore_font_icon preset--module--divi-icon--c2c23269-d09e-4bca-9247-65cd5ecf15a9\"><span class=\"et_pb_icon_wrap\"><span class=\"et-pb-icon\">\uf10d<\/span><\/span><\/div><div class=\"et_pb_text_6 et_pb_text et_pb_bg_layout_light et_pb_module et_flex_module preset--module--divi-text--2c55a9c4-feed-423b-9edb-ae0b5b365cac\"><div class=\"et_pb_text_inner\"><p>\"Dankzij MaandlastenManager heb ik zonder gedoe al mijn nutsvoorzieningen kunnen regelen. Het was een enorme opluchting om alles in \u00e9\u00e9n keer te kunnen doen.\"<\/p>\n<\/div><\/div><div class=\"et_pb_blurb_0 et_pb_blurb et_pb_bg_layout_light et_pb_blurb_position_top et_pb_module et_flex_module preset--module--divi-blurb--203c76fc-aee0-4484-9be1-f0e2ebd81a8f\"><div class=\"et_pb_blurb_content et_flex_module\"><div class=\"et_pb_blurb_container\"><h4 class=\"et_pb_module_header\">Jan de Vries<\/h4><div class=\"et_pb_blurb_description\"><p>Tevreden Klant<\/p>\n<\/div><\/div><\/div><\/div><\/div><div class=\"et_pb_column_12 et_pb_column et_pb_column_1_3 et_block_column et_pb_css_mix_blend_mode_passthrough preset--module--divi-column--73121f80-a3ef-4484-8763-c3f18e3c56d2\"><div class=\"et_pb_icon_1 et_pb_icon et_pb_module et_flex_module ai_ignore_font_icon preset--module--divi-icon--c2c23269-d09e-4bca-9247-65cd5ecf15a9\"><span class=\"et_pb_icon_wrap\"><span class=\"et-pb-icon\">\uf10d<\/span><\/span><\/div><div class=\"et_pb_text_7 et_pb_text et_pb_bg_layout_light et_pb_module et_flex_module preset--module--divi-text--2c55a9c4-feed-423b-9edb-ae0b5b365cac\"><div class=\"et_pb_text_inner\"><p>\"De service van MaandlastenManager is geweldig! Ze hebben me geholpen om mijn maandelijkse uitgaven onder controle te krijgen. Ik raad het iedereen aan!\"<\/p>\n<\/div><\/div><div class=\"et_pb_blurb_1 et_pb_blurb et_pb_bg_layout_light et_pb_blurb_position_top et_pb_module et_flex_module preset--module--divi-blurb--203c76fc-aee0-4484-9be1-f0e2ebd81a8f\"><div class=\"et_pb_blurb_content et_flex_module\"><div class=\"et_pb_blurb_container\"><h4 class=\"et_pb_module_header\">Sanne Jansen<\/h4><div class=\"et_pb_blurb_description\"><p>Gelukkige Huiseigenaar<\/p>\n<\/div><\/div><\/div><\/div><\/div><div class=\"et_pb_column_13 et_pb_column et_pb_column_1_3 et-last-child et_block_column et_pb_css_mix_blend_mode_passthrough preset--module--divi-column--73121f80-a3ef-4484-8763-c3f18e3c56d2\"><div class=\"et_pb_icon_2 et_pb_icon et_pb_module et_flex_module ai_ignore_font_icon preset--module--divi-icon--c2c23269-d09e-4bca-9247-65cd5ecf15a9\"><span class=\"et_pb_icon_wrap\"><span class=\"et-pb-icon\">\uf10d<\/span><\/span><\/div><div class=\"et_pb_text_8 et_pb_text et_pb_bg_layout_light et_pb_module et_flex_module preset--module--divi-text--2c55a9c4-feed-423b-9edb-ae0b5b365cac\"><div class=\"et_pb_text_inner\"><p>\"Ik had geen idee hoe ik mijn nutsvoorzieningen moest regelen na mijn verhuizing. MaandlastenManager heeft alles voor mij geregeld, en ik ben zeer tevreden met hun service.\"<\/p>\n<\/div><\/div><div class=\"et_pb_blurb_2 et_pb_blurb et_pb_bg_layout_light et_pb_blurb_position_top et_pb_module et_flex_module preset--module--divi-blurb--203c76fc-aee0-4484-9be1-f0e2ebd81a8f\"><div class=\"et_pb_blurb_content et_flex_module\"><div class=\"et_pb_blurb_container\"><h4 class=\"et_pb_module_header\">Peter van Dijk<\/h4><div class=\"et_pb_blurb_description\"><p>Nieuwe Woningbezitter<\/p>\n<\/div><\/div><\/div><\/div><\/div><\/div><\/div><div class=\"et_pb_section_5 et_pb_section et_section_regular et_block_section\"><div class=\"et_pb_row_6 et_pb_row et_pb_equal_columns et_block_row preset--module--divi-row--333b8a65-5730-490d-b80e-51611171c668\"><div class=\"et_pb_column_14 et_pb_column et_pb_column_3_5 et_block_column et_pb_css_mix_blend_mode_passthrough preset--module--divi-column--73121f80-a3ef-4484-8763-c3f18e3c56d2\"><div class=\"et_pb_heading_12 et_pb_heading et_pb_module et_flex_module preset--module--divi-heading--c33f07d9-41e0-421a-8799-5799df695cce\"><div class=\"et_pb_heading_container\"><h2 class=\"et_pb_module_header\">Meld U Aan en Regel Uw Nutsvoorzieningen<\/h2><\/div><\/div><div class=\"et_pb_text_9 et_pb_text et_pb_bg_layout_light et_pb_module et_flex_module preset--module--divi-text--0504de1e-f5ff-4281-ba60-cbbe4edf98bc\"><div class=\"et_pb_text_inner\"><p>Wilt u ook grip krijgen op uw maandelijkse uitgaven? Meld u vandaag nog aan bij MaandlastenManager en ervaar het gemak van onze alles-in-\u00e9\u00e9n service. Laat ons uw nutsvoorzieningen regelen, zodat u zich kunt richten op het genieten van uw nieuwe woning.<\/p>\n<\/div><\/div><\/div><div class=\"et_pb_column_15 et_pb_column et_pb_column_2_5 et-last-child et_block_column et_pb_css_mix_blend_mode_passthrough preset--module--divi-column--73121f80-a3ef-4484-8763-c3f18e3c56d2\"><div class=\"et_pb_module et_pb_button_module_wrapper et_pb_button_5_wrapper preset--module--divi-button--ab15fb74-61a3-43aa-96b3-41e09aeef654_wrapper\"><a class=\"et_pb_button_5 et_pb_button et_pb_bg_layout_light et_pb_module et_flex_module preset--module--divi-button--ab15fb74-61a3-43aa-96b3-41e09aeef654\" href=\"https:\/\/arx-dev.com\/maandlastenmanager?clientID=fe29f693-ae48-47f2-885d-393e64b6db01\">Start Nu<\/a><\/div><\/div><\/div><\/div>","protected":false},"excerpt":{"rendered":"","protected":false},"author":38,"featured_media":0,"parent":0,"menu_order":0,"comment_status":"closed","ping_status":"closed","template":"","meta":{"_seopress_robots_primary_cat":"","_seopress_titles_title":"","_seopress_titles_desc":"","_seopress_robots_index":"","footnotes":""},"class_list":["post-242610","page","type-page","status-publish","hentry"],"dsm_author":{"name":"Wout Paulides","avatar_url":"https:\/\/secure.gravatar.com\/avatar\/9276af899bde15f5e5ed3b4ea8ac7714aa60facfbe95c1fe4385b71a4b77f393?s=96&d=mm&r=g","archive_link":"https:\/\/maandlastenmanager.nl\/en\/author\/woutp\/","biodata":""},"dsm_categories":[],"dsm_attachment_categories":[],"dsm_featured_image":null,"_links":{"self":[{"href":"https:\/\/maandlastenmanager.nl\/en\/wp-json\/wp\/v2\/pages\/242610","targetHints":{"allow":["GET"]}}],"collection":[{"href":"https:\/\/maandlastenmanager.nl\/en\/wp-json\/wp\/v2\/pages"}],"about":[{"href":"https:\/\/maandlastenmanager.nl\/en\/wp-json\/wp\/v2\/types\/page"}],"author":[{"embeddable":true,"href":"https:\/\/maandlastenmanager.nl\/en\/wp-json\/wp\/v2\/users\/38"}],"replies":[{"embeddable":true,"href":"https:\/\/maandlastenmanager.nl\/en\/wp-json\/wp\/v2\/comments?post=242610"}],"version-history":[{"count":3,"href":"https:\/\/maandlastenmanager.nl\/en\/wp-json\/wp\/v2\/pages\/242610\/revisions"}],"predecessor-version":[{"id":242904,"href":"https:\/\/maandlastenmanager.nl\/en\/wp-json\/wp\/v2\/pages\/242610\/revisions\/242904"}],"wp:attachment":[{"href":"https:\/\/maandlastenmanager.nl\/en\/wp-json\/wp\/v2\/media?parent=242610"}],"curies":[{"name":"wp","href":"https:\/\/api.w.org\/{rel}","templated":true}]}}